{"id":90,"date":"2017-02-10T10:35:59","date_gmt":"2017-02-10T09:35:59","guid":{"rendered":"http:\/\/www.rustinainteraktivne.cz\/?page_id=90"},"modified":"2017-02-25T14:50:25","modified_gmt":"2017-02-25T13:50:25","slug":"interaktivni-materialy","status":"publish","type":"page","link":"https:\/\/www.rustinainteraktivne.cz\/?page_id=90","title":{"rendered":"Interaktivn\u00ed materi\u00e1ly"},"content":{"rendered":"\t<li class=\"cat-item cat-item-25\"><a href=\"https:\/\/www.rustinainteraktivne.cz\/?cat=25\">Jazykov\u00e9 prost\u0159edky<\/a> (9)\n<ul class='children'>\n\t<li class=\"cat-item cat-item-26\"><a href=\"https:\/\/www.rustinainteraktivne.cz\/?cat=26\">Gramatika<\/a> (3)\n<\/li>\n\t<li class=\"cat-item cat-item-27\"><a href=\"https:\/\/www.rustinainteraktivne.cz\/?cat=27\">Slovn\u00ed z\u00e1soba<\/a> (6)\n<\/li>\n\t<li class=\"cat-item cat-item-28\"><a href=\"https:\/\/www.rustinainteraktivne.cz\/?cat=28\">V\u00fdslovnost<\/a> (0)\n<\/li>\n<\/ul>\n<\/li>\n\t<li class=\"cat-item cat-item-29\"><a href=\"https:\/\/www.rustinainteraktivne.cz\/?cat=29\">Re\u00e1lie<\/a> (3)\n<\/li>\n\t<li class=\"cat-item cat-item-30\"><a href=\"https:\/\/www.rustinainteraktivne.cz\/?cat=30\">\u0158e\u010dov\u00e9 dovednosti<\/a> (1)\n<ul class='children'>\n\t<li class=\"cat-item cat-item-31\"><a href=\"https:\/\/www.rustinainteraktivne.cz\/?cat=31\">\u010cten\u00ed<\/a> (1)\n<\/li>\n\t<li class=\"cat-item cat-item-32\"><a href=\"https:\/\/www.rustinainteraktivne.cz\/?cat=32\">P\u00edsemn\u00fd projev<\/a> (0)\n<\/li>\n\t<li class=\"cat-item cat-item-33\"><a href=\"https:\/\/www.rustinainteraktivne.cz\/?cat=33\">Poslech<\/a> (0)\n<\/li>\n\t<li class=\"cat-item cat-item-34\"><a href=\"https:\/\/www.rustinainteraktivne.cz\/?cat=34\">\u00dastn\u00ed interakce<\/a> (0)\n<\/li>\n\t<li class=\"cat-item cat-item-35\"><a href=\"https:\/\/www.rustinainteraktivne.cz\/?cat=35\">\u00dastn\u00ed projev<\/a> (0)\n<\/li>\n<\/ul>\n<\/li>\n\t<li class=\"cat-item cat-item-36\"><a href=\"https:\/\/www.rustinainteraktivne.cz\/?cat=36\">\u00darove\u0148 podle SERR<\/a> (10)\n<ul class='children'>\n\t<li class=\"cat-item cat-item-37\"><a href=\"https:\/\/www.rustinainteraktivne.cz\/?cat=37\">A1<\/a> (4)\n<\/li>\n\t<li class=\"cat-item cat-item-38\"><a href=\"https:\/\/www.rustinainteraktivne.cz\/?cat=38\">A2<\/a> (3)\n<\/li>\n\t<li class=\"cat-item cat-item-39\"><a href=\"https:\/\/www.rustinainteraktivne.cz\/?cat=39\">B1<\/a> (3)\n<\/li>\n\t<li class=\"cat-item cat-item-40\"><a href=\"https:\/\/www.rustinainteraktivne.cz\/?cat=40\">B2<\/a> (0)\n<\/li>\n<\/ul>\n<\/li>\n\n","protected":false},"excerpt":{"rendered":"","protected":false},"author":1,"featured_media":0,"parent":0,"menu_order":0,"comment_status":"closed","ping_status":"closed","template":"","meta":{"footnotes":""},"class_list":["post-90","page","type-page","status-publish","hentry"],"_links":{"self":[{"href":"https:\/\/www.rustinainteraktivne.cz\/index.php?rest_route=\/wp\/v2\/pages\/90","targetHints":{"allow":["GET"]}}],"collection":[{"href":"https:\/\/www.rustinainteraktivne.cz\/index.php?rest_route=\/wp\/v2\/pages"}],"about":[{"href":"https:\/\/www.rustinainteraktivne.cz\/index.php?rest_route=\/wp\/v2\/types\/page"}],"author":[{"embeddable":true,"href":"https:\/\/www.rustinainteraktivne.cz\/index.php?rest_route=\/wp\/v2\/users\/1"}],"replies":[{"embeddable":true,"href":"https:\/\/www.rustinainteraktivne.cz\/index.php?rest_route=%2Fwp%2Fv2%2Fcomments&post=90"}],"version-history":[{"count":3,"href":"https:\/\/www.rustinainteraktivne.cz\/index.php?rest_route=\/wp\/v2\/pages\/90\/revisions"}],"predecessor-version":[{"id":139,"href":"https:\/\/www.rustinainteraktivne.cz\/index.php?rest_route=\/wp\/v2\/pages\/90\/revisions\/139"}],"wp:attachment":[{"href":"https:\/\/www.rustinainteraktivne.cz\/index.php?rest_route=%2Fwp%2Fv2%2Fmedia&parent=90"}],"curies":[{"name":"wp","href":"https:\/\/api.w.org\/{rel}","templated":true}]}}