{"id":78,"date":"2017-02-10T10:23:44","date_gmt":"2017-02-10T09:23:44","guid":{"rendered":"http:\/\/www.rustinainteraktivne.cz\/?page_id=78"},"modified":"2017-02-10T10:57:29","modified_gmt":"2017-02-10T09:57:29","slug":"digitalni-materialy","status":"publish","type":"page","link":"https:\/\/www.rustinainteraktivne.cz\/?page_id=78","title":{"rendered":"Digit\u00e1ln\u00ed materi\u00e1ly"},"content":{"rendered":"\t<li class=\"cat-item cat-item-7\"><a href=\"https:\/\/www.rustinainteraktivne.cz\/?cat=7\">Jazykov\u00e9 prost\u0159edky<\/a> (0)\n<ul class='children'>\n\t<li class=\"cat-item cat-item-17\"><a href=\"https:\/\/www.rustinainteraktivne.cz\/?cat=17\">Gramatika<\/a> (0)\n<\/li>\n\t<li class=\"cat-item cat-item-16\"><a href=\"https:\/\/www.rustinainteraktivne.cz\/?cat=16\">Slovn\u00ed z\u00e1soba<\/a> (0)\n<\/li>\n\t<li class=\"cat-item cat-item-15\"><a href=\"https:\/\/www.rustinainteraktivne.cz\/?cat=15\">V\u00fdslovnost<\/a> (0)\n<\/li>\n<\/ul>\n<\/li>\n\t<li class=\"cat-item cat-item-9\"><a href=\"https:\/\/www.rustinainteraktivne.cz\/?cat=9\">Re\u00e1lie<\/a> (0)\n<\/li>\n\t<li class=\"cat-item cat-item-8\"><a href=\"https:\/\/www.rustinainteraktivne.cz\/?cat=8\">\u0158e\u010dov\u00e9 dovednosti<\/a> (9)\n<ul class='children'>\n\t<li class=\"cat-item cat-item-19\"><a href=\"https:\/\/www.rustinainteraktivne.cz\/?cat=19\">\u010cten\u00ed<\/a> (0)\n<\/li>\n\t<li class=\"cat-item cat-item-20\"><a href=\"https:\/\/www.rustinainteraktivne.cz\/?cat=20\">P\u00edsemn\u00fd projev<\/a> (3)\n<\/li>\n\t<li class=\"cat-item cat-item-18\"><a href=\"https:\/\/www.rustinainteraktivne.cz\/?cat=18\">Poslech<\/a> (2)\n<\/li>\n\t<li class=\"cat-item cat-item-22\"><a href=\"https:\/\/www.rustinainteraktivne.cz\/?cat=22\">\u00dastn\u00ed interakce<\/a> (0)\n<\/li>\n\t<li class=\"cat-item cat-item-21\"><a href=\"https:\/\/www.rustinainteraktivne.cz\/?cat=21\">\u00dastn\u00ed projev<\/a> (4)\n<\/li>\n<\/ul>\n<\/li>\n\t<li class=\"cat-item cat-item-10\"><a href=\"https:\/\/www.rustinainteraktivne.cz\/?cat=10\">\u00darove\u0148 podle SERR<\/a> (9)\n<ul class='children'>\n\t<li class=\"cat-item cat-item-11\"><a href=\"https:\/\/www.rustinainteraktivne.cz\/?cat=11\">A1<\/a> (3)\n<\/li>\n\t<li class=\"cat-item cat-item-12\"><a href=\"https:\/\/www.rustinainteraktivne.cz\/?cat=12\">A2<\/a> (3)\n<\/li>\n\t<li class=\"cat-item cat-item-13\"><a href=\"https:\/\/www.rustinainteraktivne.cz\/?cat=13\">B1<\/a> (4)\n<\/li>\n\t<li class=\"cat-item cat-item-14\"><a href=\"https:\/\/www.rustinainteraktivne.cz\/?cat=14\">B2<\/a> (0)\n<\/li>\n<\/ul>\n<\/li>\n\n","protected":false},"excerpt":{"rendered":"","protected":false},"author":1,"featured_media":0,"parent":0,"menu_order":0,"comment_status":"closed","ping_status":"closed","template":"","meta":{"footnotes":""},"class_list":["post-78","page","type-page","status-publish","hentry"],"_links":{"self":[{"href":"https:\/\/www.rustinainteraktivne.cz\/index.php?rest_route=\/wp\/v2\/pages\/78","targetHints":{"allow":["GET"]}}],"collection":[{"href":"https:\/\/www.rustinainteraktivne.cz\/index.php?rest_route=\/wp\/v2\/pages"}],"about":[{"href":"https:\/\/www.rustinainteraktivne.cz\/index.php?rest_route=\/wp\/v2\/types\/page"}],"author":[{"embeddable":true,"href":"https:\/\/www.rustinainteraktivne.cz\/index.php?rest_route=\/wp\/v2\/users\/1"}],"replies":[{"embeddable":true,"href":"https:\/\/www.rustinainteraktivne.cz\/index.php?rest_route=%2Fwp%2Fv2%2Fcomments&post=78"}],"version-history":[{"count":19,"href":"https:\/\/www.rustinainteraktivne.cz\/index.php?rest_route=\/wp\/v2\/pages\/78\/revisions"}],"predecessor-version":[{"id":103,"href":"https:\/\/www.rustinainteraktivne.cz\/index.php?rest_route=\/wp\/v2\/pages\/78\/revisions\/103"}],"wp:attachment":[{"href":"https:\/\/www.rustinainteraktivne.cz\/index.php?rest_route=%2Fwp%2Fv2%2Fmedia&parent=78"}],"curies":[{"name":"wp","href":"https:\/\/api.w.org\/{rel}","templated":true}]}}