{"id":23,"date":"2017-02-07T13:39:06","date_gmt":"2017-02-07T12:39:06","guid":{"rendered":"http:\/\/www.rustinainteraktivne.cz\/?page_id=23"},"modified":"2018-01-16T17:37:03","modified_gmt":"2018-01-16T16:37:03","slug":"zakladni-informace-o-projektu","status":"publish","type":"page","link":"https:\/\/www.rustinainteraktivne.cz\/","title":{"rendered":"Z\u00e1kladn\u00ed informace o projektu"},"content":{"rendered":"<p align=\"justify\">Internetov\u00fd port\u00e1l byl vytvo\u0159en v r\u00e1mci realizace projektu <em>Inovace v\u00fduky didaktiky rusk\u00e9ho jazyka na kated\u0159e rusistiky a lingvodidaktiky <\/em>Pedagogick\u00e9 fakulty Univerzity Karlovy, \u0159e\u0161en\u00e9m v letech 2016 &#8211; 2018. Zve\u0159ejn\u011bn\u00e9 materi\u00e1ly byly p\u0159ipravov\u00e1ny studenty navazuj\u00edc\u00edho magistersk\u00e9ho studijn\u00edho programu v r\u00e1mci v\u00fduky didaktiky rusk\u00e9ho jazyka. P\u0159ed zve\u0159ejn\u011bn\u00edm byly v\u0161echny materi\u00e1ly kontrolov\u00e1ny a intern\u011b posuzov\u00e1ny. Na\u0161\u00ed snahou je, aby byly publikovan\u00e9 materi\u00e1ly v maxim\u00e1ln\u00ed mo\u017en\u00e9 m\u00ed\u0159e ov\u011b\u0159ov\u00e1ny autory ve \u0161kole p\u0159i realizaci pedagogick\u00e9 praxe.<\/p>\n<h5>Materi\u00e1ly a struktura port\u00e1lu<\/h5>\n<p align=\"justify\">Na port\u00e1lu jsou publikov\u00e1ny t\u0159i fruhy materi\u00e1l\u016f. V \u010d\u00e1sti <strong>Digit\u00e1ln\u00ed materi\u00e1ly<\/strong> jsou ke sta\u017een\u00ed soubory ve form\u00e1tu DOCX nebo PDF, kter\u00e9 je mo\u017en\u00e9 st\u00e1hnout, vytisknout a vyu\u017e\u00edt v hodin\u011b. V \u010d\u00e1sti <strong>Interaktivn\u00ed materi\u00e1ly<\/strong> jsou k dispozici p\u0159\u00edpravy aktivit pro interaktivn\u00ed tabuli SMART (soubory ve form\u00e1tu .notebook), kter\u00e9 je mo\u017en\u00e9 v hodin\u011b vyu\u017e\u00edt. Materi\u00e1ly v obou \u010d\u00e1stech obsahuj\u00ed v\u017edy dva soubory &#8211; jeden pro \u017e\u00e1ky, p\u0159\u00edpadn\u011b p\u0159\u00edpravu pro interaktivn\u00ed tabuli, druh\u00fd je ur\u010den pro u\u010ditele. V ka\u017ed\u00e9m metodick\u00e9m listu pro u\u010ditele je popis materi\u00e1lu, doporu\u010den\u00fd postup pr\u00e1ce a v p\u0159\u00edpad\u011b pot\u0159eby tak\u00e9 kl\u00ed\u010d ke cvi\u010den\u00edm. T\u0159et\u00ed \u010d\u00e1st port\u00e1lu &#8211; <strong>Na pomoc u\u010diteli<\/strong> obsahuje p\u0159\u00edsp\u011bvky, v nich\u017e mohou vyu\u010duj\u00edc\u00ed rusk\u00e9ho jazyka naj\u00edt u\u017eite\u010dn\u00e9 a p\u0159\u00ednosn\u00e9 informace, n\u00e1vody na nastaven\u00ed techniky, odkazy, apod.<br \/>\nKa\u017ed\u00fd materi\u00e1l je mo\u017en\u00e9 hodnotit pomoc\u00ed hv\u011bzdi\u010dek (\u010d\u00edm v\u00edce hv\u011bzdi\u010dek, t\u00edm lep\u0161\u00ed hodnocen\u00ed) a je mo\u017en\u00e9 tak\u00e9 p\u0159idat koment\u00e1\u0159. Budeme velmi r\u00e1di, pokud budete materi\u00e1ly nejen vyu\u017e\u00edvat, ale tak\u00e9 hodnotit a komentovat.<\/p>\n<h5>Orientace na webu<\/h5>\n<p align=\"justify\">Pro vyhled\u00e1v\u00e1n\u00ed m\u00e1te mo\u017enost vyu\u017e\u00edt n\u011bkolik p\u0159ednastaven\u00fdch krit\u00e9ri\u00ed v\u00fdb\u011bru (v\u017edy samostatn\u011b v r\u00e1mci digit\u00e1ln\u00edch nebo interaktivn\u00edch materi\u00e1l\u016f):<\/p>\n<ul>\n<li>t\u0159\u00edd\u011bn\u00ed podle zam\u011b\u0159en\u00ed:\n<ul>\n<li>jazykov\u00e9 prost\u0159edky;<\/li>\n<li>re\u00e1lie;<\/li>\n<li>\u0159e\u010dov\u00e9 dovednosti;<\/li>\n<\/ul>\n<\/li>\n<li>t\u0159\u00edd\u011bn\u00ed podle jazykov\u00e9 \u00farovn\u011b \u017e\u00e1k\u016f:\n<ul>\n<li>A1<\/li>\n<li>A2<\/li>\n<li>B1.<\/li>\n<\/ul>\n<\/li>\n<\/ul>\n<p align=\"justify\">Pokud m\u00e1te z\u00e1jem vyhled\u00e1vat materi\u00e1l dle jeho tematick\u00e9ho zam\u011b\u0159en\u00ed, sta\u010d\u00ed vybrat po\u017eadovan\u00e9 t\u00e9ma v nab\u00eddce v doln\u00ed \u010d\u00e1sti webu &#8211; po kliknut\u00ed se zobraz\u00ed v\u0161echny materi\u00e1ly, kter\u00e9 se dan\u00e9ho t\u00e9matu t\u00fdkaj\u00ed. V\u00fdsledky ji\u017e nerozli\u0161uj\u00ed charakter materi\u00e1lu (digit\u00e1ln\u00ed, inreraktivn\u00ed).<\/p>\n<h5>\u0158e\u0161itel\u00e9 projektu a spolupracuj\u00edc\u00ed studenti<\/h5>\n<ul>\n<li>PhDr. Lenka Rozboudov\u00e1, Ph.D. &#8211; hlavn\u00ed \u0159e\u0161itelka projektu<\/li>\n<li>PhDr. Jakub Kone\u010dn\u00fd, Ph.D. &#8211; spolu\u0159e\u0161itel projektu<\/li>\n<li>Bc. Zuzana Kulichov\u00e1 &#8211; autorka materi\u00e1l\u016f<\/li>\n<\/ul>\n","protected":false},"excerpt":{"rendered":"<p>Internetov\u00fd port\u00e1l byl vytvo\u0159en v r\u00e1mci realizace projektu Inovace v\u00fduky didaktiky rusk\u00e9ho jazyka na kated\u0159e rusistiky a lingvodidaktiky Pedagogick\u00e9 fakulty Univerzity Karlovy, \u0159e\u0161en\u00e9m v letech 2016 &#8211; 2018. Zve\u0159ejn\u011bn\u00e9 materi\u00e1ly byly p\u0159ipravov\u00e1ny studenty navazuj\u00edc\u00edho magistersk\u00e9ho studijn\u00edho programu v r\u00e1mci v\u00fduky didaktiky rusk\u00e9ho jazyka. P\u0159ed zve\u0159ejn\u011bn\u00edm byly v\u0161echny materi\u00e1ly kontrolov\u00e1ny a intern\u011b posuzov\u00e1ny. Na\u0161\u00ed snahou je, &hellip; <\/p>\n<p class=\"link-more\"><a href=\"https:\/\/www.rustinainteraktivne.cz\/\" class=\"more-link\">Pokra\u010dovat ve \u010dten\u00ed<span class=\"screen-reader-text\"> &#8222;Z\u00e1kladn\u00ed informace o projektu&#8220;<\/span><\/a><\/p>\n","protected":false},"author":1,"featured_media":0,"parent":0,"menu_order":0,"comment_status":"closed","ping_status":"closed","template":"","meta":{"footnotes":""},"class_list":["post-23","page","type-page","status-publish","hentry"],"_links":{"self":[{"href":"https:\/\/www.rustinainteraktivne.cz\/index.php?rest_route=\/wp\/v2\/pages\/23","targetHints":{"allow":["GET"]}}],"collection":[{"href":"https:\/\/www.rustinainteraktivne.cz\/index.php?rest_route=\/wp\/v2\/pages"}],"about":[{"href":"https:\/\/www.rustinainteraktivne.cz\/index.php?rest_route=\/wp\/v2\/types\/page"}],"author":[{"embeddable":true,"href":"https:\/\/www.rustinainteraktivne.cz\/index.php?rest_route=\/wp\/v2\/users\/1"}],"replies":[{"embeddable":true,"href":"https:\/\/www.rustinainteraktivne.cz\/index.php?rest_route=%2Fwp%2Fv2%2Fcomments&post=23"}],"version-history":[{"count":10,"href":"https:\/\/www.rustinainteraktivne.cz\/index.php?rest_route=\/wp\/v2\/pages\/23\/revisions"}],"predecessor-version":[{"id":285,"href":"https:\/\/www.rustinainteraktivne.cz\/index.php?rest_route=\/wp\/v2\/pages\/23\/revisions\/285"}],"wp:attachment":[{"href":"https:\/\/www.rustinainteraktivne.cz\/index.php?rest_route=%2Fwp%2Fv2%2Fmedia&parent=23"}],"curies":[{"name":"wp","href":"https:\/\/api.w.org\/{rel}","templated":true}]}}