{"id":166,"date":"2017-06-20T17:05:49","date_gmt":"2017-06-20T16:05:49","guid":{"rendered":"http:\/\/www.rustinainteraktivne.cz\/?page_id=166"},"modified":"2018-01-15T12:58:38","modified_gmt":"2018-01-15T11:58:38","slug":"na-pomoc-uciteli","status":"publish","type":"page","link":"https:\/\/www.rustinainteraktivne.cz\/?page_id=166","title":{"rendered":"Na pomoc u\u010diteli"},"content":{"rendered":"<p>V t\u00e9to rubrice naleznete odkazy a materi\u00e1ly, kter\u00e9 nejsou prim\u00e1rn\u011b v\u00fdukov\u00e9, av\u0161ak obsahuj\u00ed zaj\u00edmav\u00e9 a u\u017eite\u010dn\u00e9 informace. Po kliknut\u00ed na odkaz se otev\u0159e podrobn\u00e1 informace ke ka\u017ed\u00e9mu materi\u00e1lu.<\/p>\n<h4>Nab\u00eddka<\/h4>\n<p><a href=\"http:\/\/www.rustinainteraktivne.cz\/?p=163\">P\u0159ehled elektronick\u00fdch zdroj\u016f pro v\u00fduku ru\u0161tiny<\/a><\/p>\n<p><a href=\"http:\/\/www.rustinainteraktivne.cz\/?p=226\">N\u00e1vod pro nastaven\u00ed vkl\u00e1d\u00e1n\u00ed p\u0159\u00edzvuku v MS Word<\/a><\/p>\n<p><a href=\"http:\/\/www.rustinainteraktivne.cz\/?p=231\">N\u00e1vod pro nastaven\u00ed rusk\u00e9 fonetick\u00e9 kl\u00e1vesnice ve Windows 10<\/a><\/p>\n","protected":false},"excerpt":{"rendered":"<p>V t\u00e9to rubrice naleznete odkazy a materi\u00e1ly, kter\u00e9 nejsou prim\u00e1rn\u011b v\u00fdukov\u00e9, av\u0161ak obsahuj\u00ed zaj\u00edmav\u00e9 a u\u017eite\u010dn\u00e9 informace. Po kliknut\u00ed na odkaz se otev\u0159e podrobn\u00e1 informace ke ka\u017ed\u00e9mu materi\u00e1lu. Nab\u00eddka P\u0159ehled elektronick\u00fdch zdroj\u016f pro v\u00fduku ru\u0161tiny N\u00e1vod pro nastaven\u00ed vkl\u00e1d\u00e1n\u00ed p\u0159\u00edzvuku v MS Word N\u00e1vod pro nastaven\u00ed rusk\u00e9 fonetick\u00e9 kl\u00e1vesnice ve Windows 10<\/p>\n","protected":false},"author":2,"featured_media":0,"parent":0,"menu_order":0,"comment_status":"closed","ping_status":"closed","template":"","meta":{"footnotes":""},"class_list":["post-166","page","type-page","status-publish","hentry"],"_links":{"self":[{"href":"https:\/\/www.rustinainteraktivne.cz\/index.php?rest_route=\/wp\/v2\/pages\/166","targetHints":{"allow":["GET"]}}],"collection":[{"href":"https:\/\/www.rustinainteraktivne.cz\/index.php?rest_route=\/wp\/v2\/pages"}],"about":[{"href":"https:\/\/www.rustinainteraktivne.cz\/index.php?rest_route=\/wp\/v2\/types\/page"}],"author":[{"embeddable":true,"href":"https:\/\/www.rustinainteraktivne.cz\/index.php?rest_route=\/wp\/v2\/users\/2"}],"replies":[{"embeddable":true,"href":"https:\/\/www.rustinainteraktivne.cz\/index.php?rest_route=%2Fwp%2Fv2%2Fcomments&post=166"}],"version-history":[{"count":9,"href":"https:\/\/www.rustinainteraktivne.cz\/index.php?rest_route=\/wp\/v2\/pages\/166\/revisions"}],"predecessor-version":[{"id":233,"href":"https:\/\/www.rustinainteraktivne.cz\/index.php?rest_route=\/wp\/v2\/pages\/166\/revisions\/233"}],"wp:attachment":[{"href":"https:\/\/www.rustinainteraktivne.cz\/index.php?rest_route=%2Fwp%2Fv2%2Fmedia&parent=166"}],"curies":[{"name":"wp","href":"https:\/\/api.w.org\/{rel}","templated":true}]}}